{"id":35086,"date":"2023-01-10T11:43:55","date_gmt":"2023-01-10T10:43:55","guid":{"rendered":"https:\/\/cesma.ch\/lehrkraefte-und-forschung\/"},"modified":"2025-11-22T13:18:18","modified_gmt":"2025-11-22T12:18:18","slug":"dozierende-und-forschung","status":"publish","type":"page","link":"https:\/\/cesma.ch\/de\/dozierende-und-forschung\/","title":{"rendered":"DOZIERENDE UND FORSCHUNG"},"content":{"rendered":"\t\t<div data-elementor-type=\"wp-page\" data-elementor-id=\"35086\" class=\"elementor elementor-35086 elementor-28894\" data-elementor-settings=\"{&quot;ha_cmc_init_switcher&quot;:&quot;no&quot;}\" data-elementor-post-type=\"page\">\n\t\t\t\t<div class=\"elementor-element elementor-element-6e9632a e-flex e-con-boxed e-con e-parent\" data-id=\"6e9632a\" data-element_type=\"container\" data-e-type=\"container\" data-settings=\"{&quot;background_background&quot;:&quot;classic&quot;,&quot;_ha_eqh_enable&quot;:false}\">\n\t\t\t\t\t<div class=\"e-con-inner\">\n\t\t<div class=\"elementor-element elementor-element-143b3d0 e-con-full e-flex e-con e-child\" data-id=\"143b3d0\" data-element_type=\"container\" data-e-type=\"container\" data-settings=\"{&quot;_ha_eqh_enable&quot;:false}\">\n\t\t\t\t<div class=\"elementor-element elementor-element-899fa18 elementor-widget elementor-widget-heading\" data-id=\"899fa18\" data-element_type=\"widget\" data-e-type=\"widget\" data-widget_type=\"heading.default\">\n\t\t\t\t<div class=\"elementor-widget-container\">\n\t\t\t\t\t<h1 class=\"elementor-heading-title elementor-size-default\">Dozierende und Forschung<\/h1>\t\t\t\t<\/div>\n\t\t\t\t<\/div>\n\t\t\t\t<div class=\"elementor-element elementor-element-eefc7f7 elementor-widget elementor-widget-text-editor\" data-id=\"eefc7f7\" data-element_type=\"widget\" data-e-type=\"widget\" data-widget_type=\"text-editor.default\">\n\t\t\t\t<div class=\"elementor-widget-container\">\n\t\t\t\t\t\t\t\t\t<div class=\"et_pb_module et_pb_text et_pb_text_1 et_pb_text_align_left et_pb_bg_layout_light\"><div class=\"et_pb_text_inner\"><p>Der Lehrk\u00f6rper des CESMA besteht aus einem eingespielten Team von Forschenden und ausgewiesenen Branchenprofis, die aus f\u00fchrenden europ\u00e4ischen und internationalen wissenschaftlichen und k\u00fcnstlerischen Institutionen stammen.<br \/>Diese doppelte Verankerung in Forschung und Praxis erm\u00f6glicht es den Dozierenden, berufliche Realit\u00e4t und aktuelle Entwicklungen direkt in den Unterricht zu integrieren und den Studierenden authentische Einblicke in professionelle Arbeitsprozesse zu vermitteln.<\/p><p>Der Unterricht ist durch das Qualit\u00e4tslabel <strong>eduQua<\/strong> \u00fcber den Zertifizierungsdienst der <strong>SUPSI (Fachhochschule der italienischen Schweiz)<\/strong> zertifiziert und wird von der Schulleitung in einem konsequent tudierendenorientierten Qualit\u00e4tskreislauf begleitet. Die R\u00fcckmeldungen der Studierenden fliessen systematisch in die Weiterentwicklung von Studienangebot, Programmen und Lehrmethoden ein, sodass die Ausbildung kontinuierlich an die Ver\u00e4nderungen der audiovisuellen Berufswelt angepasst wird.<\/p><\/div><\/div>\t\t\t\t\t\t\t\t<\/div>\n\t\t\t\t<\/div>\n\t\t\t\t<div class=\"elementor-element elementor-element-0cd4459 elementor-widget__width-initial elementor-widget-mobile__width-initial elementor-widget elementor-widget-button\" data-id=\"0cd4459\" data-element_type=\"widget\" data-e-type=\"widget\" data-widget_type=\"button.default\">\n\t\t\t\t<div class=\"elementor-widget-container\">\n\t\t\t\t\t\t\t\t\t<div class=\"elementor-button-wrapper\">\n\t\t\t\t\t<a class=\"elementor-button elementor-button-link elementor-size-sm\" href=\"https:\/\/cesma.ch\/de\/dozenten\/\">\n\t\t\t\t\t\t<span class=\"elementor-button-content-wrapper\">\n\t\t\t\t\t\t\t\t\t<span class=\"elementor-button-text\">DIE DOZIERENDEN<\/span>\n\t\t\t\t\t<\/span>\n\t\t\t\t\t<\/a>\n\t\t\t\t<\/div>\n\t\t\t\t\t\t\t\t<\/div>\n\t\t\t\t<\/div>\n\t\t\t\t<\/div>\n\t\t<div class=\"elementor-element elementor-element-b446619 e-con-full e-flex e-con e-child\" data-id=\"b446619\" data-element_type=\"container\" data-e-type=\"container\" data-settings=\"{&quot;_ha_eqh_enable&quot;:false}\">\n\t\t\t\t<div class=\"elementor-element elementor-element-a962284 elementor-widget elementor-widget-image\" data-id=\"a962284\" data-element_type=\"widget\" data-e-type=\"widget\" data-widget_type=\"image.default\">\n\t\t\t\t<div class=\"elementor-widget-container\">\n\t\t\t\t\t\t\t\t\t\t\t\t\t\t\t<img fetchpriority=\"high\" decoding=\"async\" width=\"800\" height=\"595\" src=\"https:\/\/cesma.ch\/wp-content\/uploads\/2023\/02\/P1260556-1.webp\" class=\"attachment-large size-large wp-image-34815\" alt=\"\" srcset=\"https:\/\/cesma.ch\/wp-content\/uploads\/2023\/02\/P1260556-1.webp 800w, https:\/\/cesma.ch\/wp-content\/uploads\/2023\/02\/P1260556-1-300x223.webp 300w, https:\/\/cesma.ch\/wp-content\/uploads\/2023\/02\/P1260556-1-768x571.webp 768w\" sizes=\"(max-width: 800px) 100vw, 800px\" \/>\t\t\t\t\t\t\t\t\t\t\t\t\t\t\t<\/div>\n\t\t\t\t<\/div>\n\t\t\t\t<\/div>\n\t\t\t\t\t<\/div>\n\t\t\t\t<\/div>\n\t\t<div class=\"elementor-element elementor-element-1fd18ea e-flex e-con-boxed e-con e-parent\" data-id=\"1fd18ea\" data-element_type=\"container\" data-e-type=\"container\" data-settings=\"{&quot;background_background&quot;:&quot;classic&quot;,&quot;_ha_eqh_enable&quot;:false}\">\n\t\t\t\t\t<div class=\"e-con-inner\">\n\t\t\t\t<div class=\"elementor-element elementor-element-5ba78fc elementor-widget elementor-widget-text-editor\" data-id=\"5ba78fc\" data-element_type=\"widget\" data-e-type=\"widget\" data-widget_type=\"text-editor.default\">\n\t\t\t\t<div class=\"elementor-widget-container\">\n\t\t\t\t\t\t\t\t\t<div class=\"et_pb_module et_pb_text et_pb_text_1 et_pb_text_align_left et_pb_bg_layout_light\" style=\"text-align: left;\"><div class=\"et_pb_text_inner\"><p>Neben den hauptamtlichen Dozierenden wirken am CESMA auch <strong>ausserordentliche Professorinnen und Professoren <\/strong>(externe Fachleute oder Hochschuldozierende, die Lehrveranstaltungen am CESMA \u00fcbernehmen) sowie <strong>Assistenzlehrpersonen<\/strong>, die insbesondere \u00dcbungen, Projekte und Laboraktivit\u00e4ten betreuen.<br \/>Diese enge Zusammenarbeit zwischen verschiedenen Berufsbildern st\u00e4rkt die Verbindung zur Praxis und erweitert das Spektrum der vermittelten Kompetenzen.<\/p><\/div><\/div>\t\t\t\t\t\t\t\t<\/div>\n\t\t\t\t<\/div>\n\t\t\t\t\t<\/div>\n\t\t\t\t<\/div>\n\t\t<div class=\"elementor-element elementor-element-e1537de e-flex e-con-boxed e-con e-parent\" data-id=\"e1537de\" data-element_type=\"container\" data-e-type=\"container\" data-settings=\"{&quot;background_background&quot;:&quot;classic&quot;,&quot;_ha_eqh_enable&quot;:false}\">\n\t\t\t\t\t<div class=\"e-con-inner\">\n\t\t\t\t<div class=\"elementor-element elementor-element-70e2682 elementor-widget elementor-widget-heading\" data-id=\"70e2682\" data-element_type=\"widget\" data-e-type=\"widget\" data-widget_type=\"heading.default\">\n\t\t\t\t<div class=\"elementor-widget-container\">\n\t\t\t\t\t<h2 class=\"elementor-heading-title elementor-size-default\">Die Fakult\u00e4t gliedert sich in drei Fachbereiche:<\/h2>\t\t\t\t<\/div>\n\t\t\t\t<\/div>\n\t\t\t\t\t<\/div>\n\t\t\t\t<\/div>\n\t\t<div class=\"elementor-element elementor-element-707df5e e-flex e-con-boxed e-con e-parent\" data-id=\"707df5e\" data-element_type=\"container\" data-e-type=\"container\" data-settings=\"{&quot;background_background&quot;:&quot;classic&quot;,&quot;_ha_eqh_enable&quot;:false}\">\n\t\t\t\t\t<div class=\"e-con-inner\">\n\t\t<div class=\"elementor-element elementor-element-4851327 e-con-full e-flex e-con e-child\" data-id=\"4851327\" data-element_type=\"container\" data-e-type=\"container\" data-settings=\"{&quot;_ha_eqh_enable&quot;:false}\">\n\t\t\t\t<div class=\"elementor-element elementor-element-cf52adf elementor-view-default elementor-position-block-start elementor-mobile-position-block-start elementor-widget elementor-widget-icon-box\" data-id=\"cf52adf\" data-element_type=\"widget\" data-e-type=\"widget\" data-widget_type=\"icon-box.default\">\n\t\t\t\t<div class=\"elementor-widget-container\">\n\t\t\t\t\t\t\t<div class=\"elementor-icon-box-wrapper\">\n\n\t\t\t\t\t\t<div class=\"elementor-icon-box-icon\">\n\t\t\t\t<span  class=\"elementor-icon\">\n\t\t\t\t<svg aria-hidden=\"true\" class=\"e-font-icon-svg e-fas-palette\" viewBox=\"0 0 512 512\" xmlns=\"http:\/\/www.w3.org\/2000\/svg\"><path d=\"M204.3 5C104.9 24.4 24.8 104.3 5.2 203.4c-37 187 131.7 326.4 258.8 306.7 41.2-6.4 61.4-54.6 42.5-91.7-23.1-45.4 9.9-98.4 60.9-98.4h79.7c35.8 0 64.8-29.6 64.9-65.3C511.5 97.1 368.1-26.9 204.3 5zM96 320c-17.7 0-32-14.3-32-32s14.3-32 32-32 32 14.3 32 32-14.3 32-32 32zm32-128c-17.7 0-32-14.3-32-32s14.3-32 32-32 32 14.3 32 32-14.3 32-32 32zm128-64c-17.7 0-32-14.3-32-32s14.3-32 32-32 32 14.3 32 32-14.3 32-32 32zm128 64c-17.7 0-32-14.3-32-32s14.3-32 32-32 32 14.3 32 32-14.3 32-32 32z\"><\/path><\/svg>\t\t\t\t<\/span>\n\t\t\t<\/div>\n\t\t\t\n\t\t\t\t\t\t<div class=\"elementor-icon-box-content\">\n\n\t\t\t\t\t\t\t\t\t<h3 class=\"elementor-icon-box-title\">\n\t\t\t\t\t\t<span  >\n\t\t\t\t\t\t\tArts and Humanities\t\t\t\t\t\t<\/span>\n\t\t\t\t\t<\/h3>\n\t\t\t\t\n\t\t\t\t\n\t\t\t<\/div>\n\t\t\t\n\t\t<\/div>\n\t\t\t\t\t\t<\/div>\n\t\t\t\t<\/div>\n\t\t\t\t<\/div>\n\t\t<div class=\"elementor-element elementor-element-49fb3ae e-con-full e-flex e-con e-child\" data-id=\"49fb3ae\" data-element_type=\"container\" data-e-type=\"container\" data-settings=\"{&quot;_ha_eqh_enable&quot;:false}\">\n\t\t\t\t<div class=\"elementor-element elementor-element-7d22c92 elementor-view-default elementor-position-block-start elementor-mobile-position-block-start elementor-widget elementor-widget-icon-box\" data-id=\"7d22c92\" data-element_type=\"widget\" data-e-type=\"widget\" data-widget_type=\"icon-box.default\">\n\t\t\t\t<div class=\"elementor-widget-container\">\n\t\t\t\t\t\t\t<div class=\"elementor-icon-box-wrapper\">\n\n\t\t\t\t\t\t<div class=\"elementor-icon-box-icon\">\n\t\t\t\t<span  class=\"elementor-icon\">\n\t\t\t\t<svg aria-hidden=\"true\" class=\"e-font-icon-svg e-fas-square-root-alt\" viewBox=\"0 0 576 512\" xmlns=\"http:\/\/www.w3.org\/2000\/svg\"><path d=\"M571.31 251.31l-22.62-22.62c-6.25-6.25-16.38-6.25-22.63 0L480 274.75l-46.06-46.06c-6.25-6.25-16.38-6.25-22.63 0l-22.62 22.62c-6.25 6.25-6.25 16.38 0 22.63L434.75 320l-46.06 46.06c-6.25 6.25-6.25 16.38 0 22.63l22.62 22.62c6.25 6.25 16.38 6.25 22.63 0L480 365.25l46.06 46.06c6.25 6.25 16.38 6.25 22.63 0l22.62-22.62c6.25-6.25 6.25-16.38 0-22.63L525.25 320l46.06-46.06c6.25-6.25 6.25-16.38 0-22.63zM552 0H307.65c-14.54 0-27.26 9.8-30.95 23.87l-84.79 322.8-58.41-106.1A32.008 32.008 0 0 0 105.47 224H24c-13.25 0-24 10.74-24 24v48c0 13.25 10.75 24 24 24h43.62l88.88 163.73C168.99 503.5 186.3 512 204.94 512c17.27 0 44.44-9 54.28-41.48L357.03 96H552c13.25 0 24-10.75 24-24V24c0-13.26-10.75-24-24-24z\"><\/path><\/svg>\t\t\t\t<\/span>\n\t\t\t<\/div>\n\t\t\t\n\t\t\t\t\t\t<div class=\"elementor-icon-box-content\">\n\n\t\t\t\t\t\t\t\t\t<h3 class=\"elementor-icon-box-title\">\n\t\t\t\t\t\t<span  >\n\t\t\t\t\t\t\tMathematics, Physics and Computer Science\t\t\t\t\t\t<\/span>\n\t\t\t\t\t<\/h3>\n\t\t\t\t\n\t\t\t\t\n\t\t\t<\/div>\n\t\t\t\n\t\t<\/div>\n\t\t\t\t\t\t<\/div>\n\t\t\t\t<\/div>\n\t\t\t\t<\/div>\n\t\t<div class=\"elementor-element elementor-element-0c854c1 e-con-full e-flex e-con e-child\" data-id=\"0c854c1\" data-element_type=\"container\" data-e-type=\"container\" data-settings=\"{&quot;_ha_eqh_enable&quot;:false}\">\n\t\t\t\t<div class=\"elementor-element elementor-element-c80407f elementor-view-default elementor-position-block-start elementor-mobile-position-block-start elementor-widget elementor-widget-icon-box\" data-id=\"c80407f\" data-element_type=\"widget\" data-e-type=\"widget\" data-widget_type=\"icon-box.default\">\n\t\t\t\t<div class=\"elementor-widget-container\">\n\t\t\t\t\t\t\t<div class=\"elementor-icon-box-wrapper\">\n\n\t\t\t\t\t\t<div class=\"elementor-icon-box-icon\">\n\t\t\t\t<span  class=\"elementor-icon\">\n\t\t\t\t<svg aria-hidden=\"true\" class=\"e-font-icon-svg e-fas-play\" viewBox=\"0 0 448 512\" xmlns=\"http:\/\/www.w3.org\/2000\/svg\"><path d=\"M424.4 214.7L72.4 6.6C43.8-10.3 0 6.1 0 47.9V464c0 37.5 40.7 60.1 72.4 41.3l352-208c31.4-18.5 31.5-64.1 0-82.6z\"><\/path><\/svg>\t\t\t\t<\/span>\n\t\t\t<\/div>\n\t\t\t\n\t\t\t\t\t\t<div class=\"elementor-icon-box-content\">\n\n\t\t\t\t\t\t\t\t\t<h3 class=\"elementor-icon-box-title\">\n\t\t\t\t\t\t<span  >\n\t\t\t\t\t\t\tMedia Engineering\t\t\t\t\t\t<\/span>\n\t\t\t\t\t<\/h3>\n\t\t\t\t\n\t\t\t\t\n\t\t\t<\/div>\n\t\t\t\n\t\t<\/div>\n\t\t\t\t\t\t<\/div>\n\t\t\t\t<\/div>\n\t\t\t\t<\/div>\n\t\t\t\t<div class=\"elementor-element elementor-element-fd47c6d elementor-widget elementor-widget-heading\" data-id=\"fd47c6d\" data-element_type=\"widget\" data-e-type=\"widget\" data-widget_type=\"heading.default\">\n\t\t\t\t<div class=\"elementor-widget-container\">\n\t\t\t\t\t<h3 class=\"elementor-heading-title elementor-size-default\">Die drei Fachbereiche spiegeln sowohl die Forschungs- und Lehrinteressen der Dozierenden als auch die inhaltlichen Schwerpunkte der Studieng\u00e4nge an der CESMA wider.<\/h3>\t\t\t\t<\/div>\n\t\t\t\t<\/div>\n\t\t\t\t\t<\/div>\n\t\t\t\t<\/div>\n\t\t\t\t<\/div>\n\t\t","protected":false},"excerpt":{"rendered":"<p>Dozierende und Forschung Der Lehrk\u00f6rper des CESMA besteht aus einem eingespielten Team von Forschenden und ausgewiesenen Branchenprofis, die aus f\u00fchrenden europ\u00e4ischen und internationalen wissenschaftlichen und k\u00fcnstlerischen Institutionen stammen.Diese doppelte Verankerung in Forschung und Praxis erm\u00f6glicht es den Dozierenden, berufliche Realit\u00e4t und aktuelle Entwicklungen direkt in den Unterricht zu integrieren und den Studierenden authentische Einblicke in [&hellip;]<\/p>\n","protected":false},"author":1,"featured_media":0,"parent":0,"menu_order":0,"comment_status":"closed","ping_status":"closed","template":"","meta":{"footnotes":""},"class_list":["post-35086","page","type-page","status-publish","hentry"],"amp_enabled":true,"_links":{"self":[{"href":"https:\/\/cesma.ch\/de\/wp-json\/wp\/v2\/pages\/35086","targetHints":{"allow":["GET"]}}],"collection":[{"href":"https:\/\/cesma.ch\/de\/wp-json\/wp\/v2\/pages"}],"about":[{"href":"https:\/\/cesma.ch\/de\/wp-json\/wp\/v2\/types\/page"}],"author":[{"embeddable":true,"href":"https:\/\/cesma.ch\/de\/wp-json\/wp\/v2\/users\/1"}],"replies":[{"embeddable":true,"href":"https:\/\/cesma.ch\/de\/wp-json\/wp\/v2\/comments?post=35086"}],"version-history":[{"count":11,"href":"https:\/\/cesma.ch\/de\/wp-json\/wp\/v2\/pages\/35086\/revisions"}],"predecessor-version":[{"id":36392,"href":"https:\/\/cesma.ch\/de\/wp-json\/wp\/v2\/pages\/35086\/revisions\/36392"}],"wp:attachment":[{"href":"https:\/\/cesma.ch\/de\/wp-json\/wp\/v2\/media?parent=35086"}],"curies":[{"name":"wp","href":"https:\/\/api.w.org\/{rel}","templated":true}]}}