{"id":35003,"date":"2023-02-07T10:07:54","date_gmt":"2023-02-07T09:07:54","guid":{"rendered":"https:\/\/cesma.ch\/studiengaenge-video-bild-und-videomaker-kurs\/"},"modified":"2026-01-20T13:07:10","modified_gmt":"2026-01-20T12:07:10","slug":"studiengaenge-video-bild-und-videomaker-kurs","status":"publish","type":"page","link":"https:\/\/cesma.ch\/de\/studiengaenge-video-bild-und-videomaker-kurs\/","title":{"rendered":"STUDIENG\u00c4NGE &#8211; VIDEO &#8211; Bild- und Videomaker-Kurs"},"content":{"rendered":"\t\t<div data-elementor-type=\"wp-page\" data-elementor-id=\"35003\" class=\"elementor elementor-35003 elementor-29136\" data-elementor-settings=\"{&quot;ha_cmc_init_switcher&quot;:&quot;no&quot;}\" data-elementor-post-type=\"page\">\n\t\t\t\t<div class=\"elementor-element elementor-element-1aaff2a e-flex e-con-boxed e-con e-parent\" data-id=\"1aaff2a\" data-element_type=\"container\" data-e-type=\"container\" data-settings=\"{&quot;background_background&quot;:&quot;classic&quot;,&quot;_ha_eqh_enable&quot;:false}\">\n\t\t\t\t\t<div class=\"e-con-inner\">\n\t\t\t\t<div class=\"elementor-element elementor-element-60e38f5 elementor-widget elementor-widget-heading\" data-id=\"60e38f5\" data-element_type=\"widget\" data-e-type=\"widget\" data-widget_type=\"heading.default\">\n\t\t\t\t<div class=\"elementor-widget-container\">\n\t\t\t\t\t<h1 class=\"elementor-heading-title elementor-size-default\">Videomaker und Techniker\/in Audio Video (EF)<\/h1>\t\t\t\t<\/div>\n\t\t\t\t<\/div>\n\t\t\t\t\t<\/div>\n\t\t\t\t<\/div>\n\t\t<div class=\"elementor-element elementor-element-0cf3ab4 e-flex e-con-boxed e-con e-parent\" data-id=\"0cf3ab4\" data-element_type=\"container\" data-e-type=\"container\" data-settings=\"{&quot;background_background&quot;:&quot;classic&quot;,&quot;_ha_eqh_enable&quot;:false}\">\n\t\t\t\t\t<div class=\"e-con-inner\">\n\t\t\t\t<div class=\"elementor-element elementor-element-21859bc elementor-widget elementor-widget-text-editor\" data-id=\"21859bc\" data-element_type=\"widget\" data-e-type=\"widget\" data-widget_type=\"text-editor.default\">\n\t\t\t\t<div class=\"elementor-widget-container\">\n\t\t\t\t\t\t\t\t\t<p>Vertiefen Sie die Videoproduktion in all ihren Dimensionen: von der Geschichte des visuellen Erz\u00e4hlens \u00fcber Drehbuch und Produktionsplanung bis hin zu Aufnahme, Postproduktion, Schnitt, Compositing und VFX. Lernen Sie, Musikvideos, Kurzfilme, digitale Fotoprojekte und dokumentarische Arbeiten mit professionellem Filmequipment (RED, Sony) sowie mit den wichtigsten Postproduktionssoftwares zu realisieren.<\/p><p>Am CESMA entwickeln Sie technische F\u00e4higkeiten und k\u00fcnstlerische Sensibilit\u00e4t durch eine bew\u00e4hrte Ausbildungsmethode, die auf der kontinuierlichen praktischen Anwendung der theoretischen Grundlagen basiert. Sie k\u00f6nnen sich wahlweise auf den <strong>kreativen Bereich (Videomaking)<\/strong> oder auf den <strong>technisch-technologischen Bereich (Audiovisuelle Technologien)<\/strong> konzentrieren.<\/p><h2>Grundausbildung (berufliche Weiterbildung)<\/h2><p>Die Grundausbildung umfasst <strong>ein- oder zweij\u00e4hrige Lehrg\u00e4nge<\/strong>, die zu beruflichen Zertifikaten in den Bereichen Audiovisual und Videomaking f\u00fchren.<br \/>Diese Studieng\u00e4nge stehen auch Personen offen, die <strong>noch keinen Abschluss der Sekundarstufe II<\/strong> besitzen, und bereiten optimal auf die weiterf\u00fchrenden Ausbildungen der <strong>H\u00f6heren Berufsbildung<\/strong> vor.<\/p><h2>H\u00f6here Berufsbildung (Terti\u00e4rstufe)<\/h2><p>Die weiterf\u00fchrenden Studieng\u00e4nge f\u00fchren zum <strong>eidg. Fachausweis (EF \u2013 Professional Bachelor)<\/strong>, einem offiziell anerkannten Abschluss der H\u00f6heren Berufsbildung in der Schweiz, der dem <strong>Niveau 5 des Europ\u00e4ischen Qualifikationsrahmens (EQR)<\/strong> entspricht.<br \/>Diese Abschl\u00fcsse berechtigen zur qualifizierten Berufsaus\u00fcbung im audiovisuellen Bereich, sowohl in der Schweiz als auch international.<\/p><p>F\u00fcr die Zulassung zu diesen Studieng\u00e4ngen sind folgende Voraussetzungen erforderlich:<\/p><ul><li>ein Abschluss der Sekundarstufe II (Maturit\u00e4t oder EFZ);<\/li><li>eine spezifische Grundausbildung auf vorakademischem Niveau (Berufszertifikate);<\/li><li>eine angemessene berufliche Praxis, die auch w\u00e4hrend der Ausbildung erworben werden kann.<\/li><\/ul><p>\u00a0<\/p><p>Fehlt der Abschluss der Sekundarstufe II, kann die Zulassung durch den Besuch der <a href=\"https:\/\/cesma.ch\/de\/studiengaenge-mathematik-vorkurse\/\">prop\u00e4deutischen Mathematikkurse<\/a> sowie durch eine ausreichende einschl\u00e4gige Berufspraxis erfolgen.<\/p>\t\t\t\t\t\t\t\t<\/div>\n\t\t\t\t<\/div>\n\t\t\t\t\t<\/div>\n\t\t\t\t<\/div>\n\t\t<div class=\"elementor-element elementor-element-4af1213 e-flex e-con-boxed e-con e-parent\" data-id=\"4af1213\" data-element_type=\"container\" data-e-type=\"container\" data-settings=\"{&quot;background_background&quot;:&quot;classic&quot;,&quot;_ha_eqh_enable&quot;:false}\">\n\t\t\t\t\t<div class=\"e-con-inner\">\n\t\t<div class=\"elementor-element elementor-element-7ec7ae1 e-con-full e-flex e-con e-child\" data-id=\"7ec7ae1\" data-element_type=\"container\" data-e-type=\"container\" data-settings=\"{&quot;_ha_eqh_enable&quot;:false}\">\n\t\t\t\t<div class=\"elementor-element elementor-element-ac09d7d elementor-widget elementor-widget-accordion\" data-id=\"ac09d7d\" data-element_type=\"widget\" data-e-type=\"widget\" data-widget_type=\"accordion.default\">\n\t\t\t\t<div class=\"elementor-widget-container\">\n\t\t\t\t\t\t\t<div class=\"elementor-accordion\">\n\t\t\t\t\t\t\t<div class=\"elementor-accordion-item\">\n\t\t\t\t\t<h3 id=\"elementor-tab-title-1801\" class=\"elementor-tab-title\" data-tab=\"1\" role=\"button\" aria-controls=\"elementor-tab-content-1801\" aria-expanded=\"false\">\n\t\t\t\t\t\t\t\t\t\t\t\t\t<span class=\"elementor-accordion-icon elementor-accordion-icon-left\" aria-hidden=\"true\">\n\t\t\t\t\t\t\t\t\t\t\t\t\t\t\t<span class=\"elementor-accordion-icon-closed\"><svg class=\"e-font-icon-svg e-fas-chevron-down\" viewBox=\"0 0 448 512\" xmlns=\"http:\/\/www.w3.org\/2000\/svg\"><path d=\"M207.029 381.476L12.686 187.132c-9.373-9.373-9.373-24.569 0-33.941l22.667-22.667c9.357-9.357 24.522-9.375 33.901-.04L224 284.505l154.745-154.021c9.379-9.335 24.544-9.317 33.901.04l22.667 22.667c9.373 9.373 9.373 24.569 0 33.941L240.971 381.476c-9.373 9.372-24.569 9.372-33.942 0z\"><\/path><\/svg><\/span>\n\t\t\t\t\t\t\t\t<span class=\"elementor-accordion-icon-opened\"><svg class=\"e-font-icon-svg e-fas-minus\" viewBox=\"0 0 448 512\" xmlns=\"http:\/\/www.w3.org\/2000\/svg\"><path d=\"M416 208H32c-17.67 0-32 14.33-32 32v32c0 17.67 14.33 32 32 32h384c17.67 0 32-14.33 32-32v-32c0-17.67-14.33-32-32-32z\"><\/path><\/svg><\/span>\n\t\t\t\t\t\t\t\t\t\t\t\t\t\t<\/span>\n\t\t\t\t\t\t\t\t\t\t\t\t<a class=\"elementor-accordion-title\" tabindex=\"0\">Grundausbildung<\/a>\n\t\t\t\t\t<\/h3>\n\t\t\t\t\t<div id=\"elementor-tab-content-1801\" class=\"elementor-tab-content elementor-clearfix\" data-tab=\"1\" role=\"region\" aria-labelledby=\"elementor-tab-title-1801\"><h3><br \/><a href=\"https:\/\/cesma.ch\/de\/atav-technischer-assistent-fuer-av-technik\/\"><br \/><span style=\"text-decoration: underline;\"><strong>ATAV \u2013 Zertifikat Technischer Assistent\/in f\u00fcr AV-Technik<\/strong><\/span><br \/><\/a><\/h3><p>Der <strong>ATAV-Lehrgang<\/strong> ist ein praxisorientierter, beruflich ausgerichteter<br \/>Grundkurs, der die wesentlichen Kompetenzen f\u00fcr die wichtigsten Bereiche der professionellen<br \/>Audio-, Video- und Bildtechnik vermittelt. Die Ausbildung bietet einen umfassenden Einblick<br \/>in audiovisuelle Technologien und bildet eine solide Basis f\u00fcr weiterf\u00fchrende Studieng\u00e4nge<br \/>im Bereich der AV-Technologien.<\/p><h3><a href=\"https:\/\/cesma.ch\/de\/vpm-videomaking-production-management\/\"><br \/><span style=\"text-decoration: underline;\"><strong>VPM \u2013 Videomaking &amp; Production Management<\/strong><\/span><br \/><\/a><\/h3><p>Der Studiengang <strong>Videomaking &amp; Production Management (VPM)<\/strong> bildet<br \/>professionelle Videomaker\/innen f\u00fcr Film, Fernsehen und Social Media aus, die sowohl als<br \/>selbstst\u00e4ndige Fachpersonen wie auch als Koordinator\/innen eines audiovisuellen<br \/>Produktionsteams t\u00e4tig sein k\u00f6nnen.<br \/>Das Programm vermittelt technische, kreative und organisatorische Kompetenzen und bietet<br \/>eine strukturierte Ausbildung f\u00fcr alle, die eine umfassende berufliche Laufbahn im<br \/>Videomaking anstreben.<br \/>Wenn Sie eine <strong>Videomaking-Ausbildung<\/strong> beginnen m\u00f6chten, ist dieser<br \/>Lehrgang der ideale Einstieg.<\/p><\/div>\n\t\t\t\t<\/div>\n\t\t\t\t\t\t\t\t<\/div>\n\t\t\t\t\t\t<\/div>\n\t\t\t\t<\/div>\n\t\t\t\t<\/div>\n\t\t<div class=\"elementor-element elementor-element-a2e3e6e e-con-full e-flex e-con e-child\" data-id=\"a2e3e6e\" data-element_type=\"container\" data-e-type=\"container\" data-settings=\"{&quot;_ha_eqh_enable&quot;:false}\">\n\t\t\t\t<div class=\"elementor-element elementor-element-749f2cf elementor-widget elementor-widget-accordion\" data-id=\"749f2cf\" data-element_type=\"widget\" data-e-type=\"widget\" data-widget_type=\"accordion.default\">\n\t\t\t\t<div class=\"elementor-widget-container\">\n\t\t\t\t\t\t\t<div class=\"elementor-accordion\">\n\t\t\t\t\t\t\t<div class=\"elementor-accordion-item\">\n\t\t\t\t\t<h3 id=\"elementor-tab-title-1221\" class=\"elementor-tab-title\" data-tab=\"1\" role=\"button\" aria-controls=\"elementor-tab-content-1221\" aria-expanded=\"false\">\n\t\t\t\t\t\t\t\t\t\t\t\t\t<span class=\"elementor-accordion-icon elementor-accordion-icon-left\" aria-hidden=\"true\">\n\t\t\t\t\t\t\t\t\t\t\t\t\t\t\t<span class=\"elementor-accordion-icon-closed\"><svg class=\"e-font-icon-svg e-fas-chevron-down\" viewBox=\"0 0 448 512\" xmlns=\"http:\/\/www.w3.org\/2000\/svg\"><path d=\"M207.029 381.476L12.686 187.132c-9.373-9.373-9.373-24.569 0-33.941l22.667-22.667c9.357-9.357 24.522-9.375 33.901-.04L224 284.505l154.745-154.021c9.379-9.335 24.544-9.317 33.901.04l22.667 22.667c9.373 9.373 9.373 24.569 0 33.941L240.971 381.476c-9.373 9.372-24.569 9.372-33.942 0z\"><\/path><\/svg><\/span>\n\t\t\t\t\t\t\t\t<span class=\"elementor-accordion-icon-opened\"><svg class=\"e-font-icon-svg e-fas-minus\" viewBox=\"0 0 448 512\" xmlns=\"http:\/\/www.w3.org\/2000\/svg\"><path d=\"M416 208H32c-17.67 0-32 14.33-32 32v32c0 17.67 14.33 32 32 32h384c17.67 0 32-14.33 32-32v-32c0-17.67-14.33-32-32-32z\"><\/path><\/svg><\/span>\n\t\t\t\t\t\t\t\t\t\t\t\t\t\t<\/span>\n\t\t\t\t\t\t\t\t\t\t\t\t<a class=\"elementor-accordion-title\" tabindex=\"0\">H\u00f6here Berufsbildung<\/a>\n\t\t\t\t\t<\/h3>\n\t\t\t\t\t<div id=\"elementor-tab-content-1221\" class=\"elementor-tab-content elementor-clearfix\" data-tab=\"1\" role=\"region\" aria-labelledby=\"elementor-tab-title-1221\"><h3><a href=\"https:\/\/cesma.ch\/de\/tav-techniker-audio-video\/\"><span style=\"text-decoration: underline;\"><strong>Techniker\/in Audio Video mit eidg. Fachausweis (EF)<\/strong><\/span><br \/><\/a><\/h3><p style=\"font-weight: 400;\">Der Studiengang <strong>Techniker\/in Audio Video (EF)<\/strong> ist ein Bildungsgang derH\u00f6heren Berufsbildung (Professional Bachelor) mit starkem Broadcast-Schwerpunkt und Fokus auf moderne Audio- und Video-Networking-Technologien. Das Programm bereitet gezielt auf die eidgen\u00f6ssische Berufspr\u00fcfung des SBFI f\u00fcr Techniker\/in Audio Video vor.<br \/>Als nat\u00fcrliche Weiterentwicklung der Grundausbildung (ATAV\/ATES) ist dieser Bildungsgang ideal f\u00fcr alle, die bei grossen Broadcastern, in Fernsehproduktionen, Postproduktionsstudios oder in komplexen audiovisuellen Produktionsumgebungen arbeiten m\u00f6chten \u2013 auch in leitenden oder koordinierenden Funktionen.<\/p><h3><a href=\"https:\/\/cesma.ch\/de\/mad-master-in-audio-design\/\"><br \/><strong><span style=\"text-decoration: underline;\">Master<\/span><\/strong><br \/><\/a><\/h3><p>Der <strong>Specialized Master in Audio Design for Visuals and Games (MAD)<\/strong> ist<br \/>ein einj\u00e4hriges, berufsbegleitendes Programm auf Englisch, das sowohl Online-Unterricht als<br \/>auch Pr\u00e4senzmodule umfasst. Ein Sommer-Workshop in der Schweiz und in Italien bietet die<br \/>M\u00f6glichkeit, direkt von Fachpersonen aus der internationalen Filmindustrie zu lernen.<br \/>Der Master vermittelt eine umfassende, hochqualifizierte Ausbildung im Audio Engineering mit<br \/>Schwerpunkt auf audiovisuellen Anwendungen und f\u00f6rdert gleichzeitig professionelles Networking<br \/>und Exzellenz.<span style=\"text-decoration: underline;\"><br \/><\/span>.<\/p><\/div>\n\t\t\t\t<\/div>\n\t\t\t\t\t\t\t\t<\/div>\n\t\t\t\t\t\t<\/div>\n\t\t\t\t<\/div>\n\t\t\t\t<\/div>\n\t\t\t\t\t<\/div>\n\t\t\t\t<\/div>\n\t\t\t\t<\/div>\n\t\t","protected":false},"excerpt":{"rendered":"<p>Videomaker und Techniker\/in Audio Video (EF) Vertiefen Sie die Videoproduktion in all ihren Dimensionen: von der Geschichte des visuellen Erz\u00e4hlens \u00fcber Drehbuch und Produktionsplanung bis hin zu Aufnahme, Postproduktion, Schnitt, Compositing und VFX. Lernen Sie, Musikvideos, Kurzfilme, digitale Fotoprojekte und dokumentarische Arbeiten mit professionellem Filmequipment (RED, Sony) sowie mit den wichtigsten Postproduktionssoftwares zu realisieren. Am [&hellip;]<\/p>\n","protected":false},"author":4,"featured_media":0,"parent":0,"menu_order":0,"comment_status":"closed","ping_status":"closed","template":"","meta":{"footnotes":""},"class_list":["post-35003","page","type-page","status-publish","hentry"],"amp_enabled":true,"_links":{"self":[{"href":"https:\/\/cesma.ch\/de\/wp-json\/wp\/v2\/pages\/35003","targetHints":{"allow":["GET"]}}],"collection":[{"href":"https:\/\/cesma.ch\/de\/wp-json\/wp\/v2\/pages"}],"about":[{"href":"https:\/\/cesma.ch\/de\/wp-json\/wp\/v2\/types\/page"}],"author":[{"embeddable":true,"href":"https:\/\/cesma.ch\/de\/wp-json\/wp\/v2\/users\/4"}],"replies":[{"embeddable":true,"href":"https:\/\/cesma.ch\/de\/wp-json\/wp\/v2\/comments?post=35003"}],"version-history":[{"count":27,"href":"https:\/\/cesma.ch\/de\/wp-json\/wp\/v2\/pages\/35003\/revisions"}],"predecessor-version":[{"id":36945,"href":"https:\/\/cesma.ch\/de\/wp-json\/wp\/v2\/pages\/35003\/revisions\/36945"}],"wp:attachment":[{"href":"https:\/\/cesma.ch\/de\/wp-json\/wp\/v2\/media?parent=35003"}],"curies":[{"name":"wp","href":"https:\/\/api.w.org\/{rel}","templated":true}]}}