{"id":34984,"date":"2023-02-07T10:21:00","date_gmt":"2023-02-07T09:21:00","guid":{"rendered":"https:\/\/cesma.ch\/studiengaenge-kurs-tontechniker-und-musikproduzent\/"},"modified":"2025-11-16T20:23:21","modified_gmt":"2025-11-16T19:23:21","slug":"studiengaenge-kurs-tontechniker-und-musikproduzent","status":"publish","type":"page","link":"https:\/\/cesma.ch\/de\/studiengaenge-kurs-tontechniker-und-musikproduzent\/","title":{"rendered":"STUDIENG\u00c4NGE &#8211; Kurs Tontechniker und Musikproduzent"},"content":{"rendered":"\t\t<div data-elementor-type=\"wp-page\" data-elementor-id=\"34984\" class=\"elementor elementor-34984 elementor-29144\" data-elementor-settings=\"{&quot;ha_cmc_init_switcher&quot;:&quot;no&quot;}\" data-elementor-post-type=\"page\">\n\t\t\t\t<div class=\"elementor-element elementor-element-1aaff2a e-flex e-con-boxed e-con e-parent\" data-id=\"1aaff2a\" data-element_type=\"container\" data-e-type=\"container\" data-settings=\"{&quot;background_background&quot;:&quot;classic&quot;,&quot;_ha_eqh_enable&quot;:false}\">\n\t\t\t\t\t<div class=\"e-con-inner\">\n\t\t\t\t<div class=\"elementor-element elementor-element-60e38f5 elementor-widget elementor-widget-heading\" data-id=\"60e38f5\" data-element_type=\"widget\" data-e-type=\"widget\" data-widget_type=\"heading.default\">\n\t\t\t\t<div class=\"elementor-widget-container\">\n\t\t\t\t\t<h1 class=\"elementor-heading-title elementor-size-default\">Studieng\u00e4nge in Tontechnik (EF) und Musikproduktion<\/h1>\t\t\t\t<\/div>\n\t\t\t\t<\/div>\n\t\t\t\t\t<\/div>\n\t\t\t\t<\/div>\n\t\t<div class=\"elementor-element elementor-element-0cf3ab4 e-flex e-con-boxed e-con e-parent\" data-id=\"0cf3ab4\" data-element_type=\"container\" data-e-type=\"container\" data-settings=\"{&quot;background_background&quot;:&quot;classic&quot;,&quot;_ha_eqh_enable&quot;:false}\">\n\t\t\t\t\t<div class=\"e-con-inner\">\n\t\t\t\t<div class=\"elementor-element elementor-element-21859bc elementor-widget elementor-widget-text-editor\" data-id=\"21859bc\" data-element_type=\"widget\" data-e-type=\"widget\" data-widget_type=\"text-editor.default\">\n\t\t\t\t<div class=\"elementor-widget-container\">\n\t\t\t\t\t\t\t\t\t<p>Wenn Sie eine berufliche Laufbahn in der <strong>musikproduktion<\/strong> oder im <strong>Sound Engineering<\/strong> anstreben und eine fundierte, professionell ausgerichtete <strong>Ausbildung in Tontechnik<\/strong> suchen, bietet Ihnen CESMA ein anspruchsvolles und strukturiertes Studienangebot. Die Programme sind darauf ausgerichtet, technische, k\u00fcnstlerische und berufliche Kompetenzen auf hohem Niveau zu entwickeln.<\/p><p>Durch eine ausgewogene Kombination aus Theorie und praxisorientierter Anwendung erwerben die Studierenden eine solide Beherrschung moderner Audiotechnologien, erproben professionelle Arbeitsmethoden und entwickeln operative F\u00e4higkeiten, die direkt im Berufsalltag eingesetzt werden k\u00f6nnen. Besonderes Augenmerk gilt zudem der F\u00f6rderung der kreativen Kompetenzen und der k\u00fcnstlerischen Ausdrucksf\u00e4higkeit.<\/p><h2>Grundausbildung (berufliche Weiterbildung)<\/h2><p>Die Grundausbildung umfasst <strong>ein- oder zweij\u00e4hrige Lehrg\u00e4nge<\/strong>, die zu beruflichen Zertifikaten in den Bereichen Ton und Musikproduktion f\u00fchren. Diese Programme stehen auch Personen offen, die noch <strong>keinen Abschluss der Sekundarstufe II <\/strong>(gymnasiale Maturit\u00e4t oder EFZ) besitzen, und bereiten optimal auf die weiterf\u00fchrenden Studieng\u00e4nge der <strong>H\u00f6heren Berufsbildung<\/strong> vor.<\/p><h2>H\u00f6here Berufsbildung (Terti\u00e4rstufe)<\/h2><p>Die Studieng\u00e4nge der H\u00f6heren Berufsbildung f\u00fchren zum <strong>eidg. Fachausweis (EF \u2013 Professional Bachelor)<\/strong>, einem in der Schweiz offiziell anerkannten Abschluss der H\u00f6heren Berufsbildung, der international anerkannt ist und dem <strong>Niveau 5 des Europ\u00e4ischen Qualifikationsrahmens (EQR)<\/strong> entspricht.<br \/>Diese Abschl\u00fcsse qualifizieren f\u00fcr die selbstst\u00e4ndige, fachlich anerkannte Berufsaus\u00fcbung im Bereich Audio Engineering in der Schweiz.<\/p><p>F\u00fcr die Zulassung zu diesen Studieng\u00e4ngen sind folgende Voraussetzungen erforderlich:<\/p><ul><li>ein Abschluss der Sekundarstufe II (Maturit\u00e4t oder EFZ);<\/li><li>eine spezifische Grundausbildung (Zertifikate als \u201eAssistent\/in\u201c);<\/li><li>eine angemessene berufliche Praxis, die auch w\u00e4hrend der Ausbildung erworben werden kann.<\/li><\/ul><p>Wenn der Abschluss der Sekundarstufe II fehlt, kann die Zulassung durch den Besuch der<a href=\"https:\/\/cesma.ch\/de\/studiengaenge-mathematik-vorkurse\/\"> prop\u00e4deutischen Mathematikkurse<\/a>\u00a0sowie durch eine ausreichende einschl\u00e4gige Berufspraxis erfolgen.<\/p>\t\t\t\t\t\t\t\t<\/div>\n\t\t\t\t<\/div>\n\t\t\t\t\t<\/div>\n\t\t\t\t<\/div>\n\t\t<div class=\"elementor-element elementor-element-91486ca e-flex e-con-boxed e-con e-parent\" data-id=\"91486ca\" data-element_type=\"container\" data-e-type=\"container\" data-settings=\"{&quot;background_background&quot;:&quot;classic&quot;,&quot;_ha_eqh_enable&quot;:false}\">\n\t\t\t\t\t<div class=\"e-con-inner\">\n\t\t<div class=\"elementor-element elementor-element-bd3e670 e-con-full e-flex e-con e-child\" data-id=\"bd3e670\" data-element_type=\"container\" data-e-type=\"container\" data-settings=\"{&quot;_ha_eqh_enable&quot;:false}\">\n\t\t\t\t<div class=\"elementor-element elementor-element-49a75ac elementor-widget elementor-widget-accordion\" data-id=\"49a75ac\" data-element_type=\"widget\" data-e-type=\"widget\" data-widget_type=\"accordion.default\">\n\t\t\t\t<div class=\"elementor-widget-container\">\n\t\t\t\t\t\t\t<div class=\"elementor-accordion\">\n\t\t\t\t\t\t\t<div class=\"elementor-accordion-item\">\n\t\t\t\t\t<h2 id=\"elementor-tab-title-7721\" class=\"elementor-tab-title\" data-tab=\"1\" role=\"button\" aria-controls=\"elementor-tab-content-7721\" aria-expanded=\"false\">\n\t\t\t\t\t\t\t\t\t\t\t\t\t<span class=\"elementor-accordion-icon elementor-accordion-icon-left\" aria-hidden=\"true\">\n\t\t\t\t\t\t\t\t\t\t\t\t\t\t\t<span class=\"elementor-accordion-icon-closed\"><svg class=\"e-font-icon-svg e-fas-chevron-down\" viewBox=\"0 0 448 512\" xmlns=\"http:\/\/www.w3.org\/2000\/svg\"><path d=\"M207.029 381.476L12.686 187.132c-9.373-9.373-9.373-24.569 0-33.941l22.667-22.667c9.357-9.357 24.522-9.375 33.901-.04L224 284.505l154.745-154.021c9.379-9.335 24.544-9.317 33.901.04l22.667 22.667c9.373 9.373 9.373 24.569 0 33.941L240.971 381.476c-9.373 9.372-24.569 9.372-33.942 0z\"><\/path><\/svg><\/span>\n\t\t\t\t\t\t\t\t<span class=\"elementor-accordion-icon-opened\"><svg class=\"e-font-icon-svg e-fas-minus\" viewBox=\"0 0 448 512\" xmlns=\"http:\/\/www.w3.org\/2000\/svg\"><path d=\"M416 208H32c-17.67 0-32 14.33-32 32v32c0 17.67 14.33 32 32 32h384c17.67 0 32-14.33 32-32v-32c0-17.67-14.33-32-32-32z\"><\/path><\/svg><\/span>\n\t\t\t\t\t\t\t\t\t\t\t\t\t\t<\/span>\n\t\t\t\t\t\t\t\t\t\t\t\t<a class=\"elementor-accordion-title\" tabindex=\"0\">Grundausbildung<\/a>\n\t\t\t\t\t<\/h2>\n\t\t\t\t\t<div id=\"elementor-tab-content-7721\" class=\"elementor-tab-content elementor-clearfix\" data-tab=\"1\" role=\"region\" aria-labelledby=\"elementor-tab-title-7721\"><h3><span style=\"text-decoration: underline;\"><strong><a href=\"https:\/\/cesma.ch\/de\/ates-technischer-assistent-fuer-tontechnik\/\">ATES \u2013 Lehrgang Technische\/r Assistent\/in f\u00fcr Tontechnik<\/a><\/strong><a href=\"https:\/\/cesma.ch\/de\/ates-technischer-assistent-fuer-tontechnik\/\"><br \/><\/a><\/span><\/h3><p><span style=\"font-weight: 400;\"><br \/>Der <strong>ATES-Lehrgang<\/strong> vermittelt eine solide und praxisnahe Grundausbildung f\u00fcr die wichtigsten Bereiche der professionellen Audiotechnik.<br \/>Er vermittelt grundlegende technische Kompetenzen in Aufnahme, Bearbeitung und Beschallung und bildet die ideale Grundlage f\u00fcr die weiterf\u00fchrenden Studieng\u00e4nge<br \/>der <strong>H\u00f6heren Berufsbildung<\/strong> im Bereich Sound Engineering.<br \/><\/span><\/p><h3><strong><br \/><a href=\"https:\/\/cesma.ch\/de\/emp-elektronische-musikproduktion\/\"><br \/><span style=\"text-decoration: underline;\">EMP \u2013 Zertifikat Elektronische Musikproduktion<\/span><br \/><\/a><br \/><\/strong><\/h3><p><span style=\"font-weight: 400;\"><br \/>Der <strong>EMP-Lehrgang<\/strong> richtet sich an Personen, die sich mit einem kreativen und modernen Ansatz der Musikproduktion n\u00e4hern m\u00f6chten.<br \/>Der Kurs vermittelt grundlegende Kompetenzen in Sound Design, Synthese, Arrangement und musikalischer Kreativit\u00e4t und bietet eine strukturierte<br \/>Grundausbildung f\u00fcr alle, die eine professionelle Laufbahn in der elektronischen Musikproduktion anstreben.<br \/><\/span><\/p><\/div>\n\t\t\t\t<\/div>\n\t\t\t\t\t\t\t\t<\/div>\n\t\t\t\t\t\t<\/div>\n\t\t\t\t<\/div>\n\t\t\t\t<\/div>\n\t\t<div class=\"elementor-element elementor-element-67fa8cd e-con-full e-flex e-con e-child\" data-id=\"67fa8cd\" data-element_type=\"container\" data-e-type=\"container\" data-settings=\"{&quot;_ha_eqh_enable&quot;:false}\">\n\t\t\t\t<div class=\"elementor-element elementor-element-5f48fc2 elementor-widget elementor-widget-accordion\" data-id=\"5f48fc2\" data-element_type=\"widget\" data-e-type=\"widget\" data-widget_type=\"accordion.default\">\n\t\t\t\t<div class=\"elementor-widget-container\">\n\t\t\t\t\t\t\t<div class=\"elementor-accordion\">\n\t\t\t\t\t\t\t<div class=\"elementor-accordion-item\">\n\t\t\t\t\t<h2 id=\"elementor-tab-title-9991\" class=\"elementor-tab-title\" data-tab=\"1\" role=\"button\" aria-controls=\"elementor-tab-content-9991\" aria-expanded=\"false\">\n\t\t\t\t\t\t\t\t\t\t\t\t\t<span class=\"elementor-accordion-icon elementor-accordion-icon-left\" aria-hidden=\"true\">\n\t\t\t\t\t\t\t\t\t\t\t\t\t\t\t<span class=\"elementor-accordion-icon-closed\"><svg class=\"e-font-icon-svg e-fas-chevron-down\" viewBox=\"0 0 448 512\" xmlns=\"http:\/\/www.w3.org\/2000\/svg\"><path d=\"M207.029 381.476L12.686 187.132c-9.373-9.373-9.373-24.569 0-33.941l22.667-22.667c9.357-9.357 24.522-9.375 33.901-.04L224 284.505l154.745-154.021c9.379-9.335 24.544-9.317 33.901.04l22.667 22.667c9.373 9.373 9.373 24.569 0 33.941L240.971 381.476c-9.373 9.372-24.569 9.372-33.942 0z\"><\/path><\/svg><\/span>\n\t\t\t\t\t\t\t\t<span class=\"elementor-accordion-icon-opened\"><svg class=\"e-font-icon-svg e-fas-minus\" viewBox=\"0 0 448 512\" xmlns=\"http:\/\/www.w3.org\/2000\/svg\"><path d=\"M416 208H32c-17.67 0-32 14.33-32 32v32c0 17.67 14.33 32 32 32h384c17.67 0 32-14.33 32-32v-32c0-17.67-14.33-32-32-32z\"><\/path><\/svg><\/span>\n\t\t\t\t\t\t\t\t\t\t\t\t\t\t<\/span>\n\t\t\t\t\t\t\t\t\t\t\t\t<a class=\"elementor-accordion-title\" tabindex=\"0\">H\u00f6here Berufsbildung<\/a>\n\t\t\t\t\t<\/h2>\n\t\t\t\t\t<div id=\"elementor-tab-content-9991\" class=\"elementor-tab-content elementor-clearfix\" data-tab=\"1\" role=\"region\" aria-labelledby=\"elementor-tab-title-9991\"><h3><a href=\"https:\/\/cesma.ch\/de\/tes-tontechniker\/\">\n<span style=\"text-decoration: underline;\">\n<strong>Tontechniker\/in mit eidg. Fachausweis (APF)<\/strong><\/span>\n<\/a><\/h3>\n<span style=\"font-weight: 400;\">\nDer <strong>h\u00f6here Berufsbildungsgang Tontechniker\/in<\/strong> bereitet auf die\n<strong>eidgen\u00f6ssischen Berufspr\u00fcfungen AES\u2013SBFI<\/strong> vor, welche national und international anerkannt sind.\nDer Lehrgang qualifiziert Fachpersonen f\u00fcr verantwortungsvolle T\u00e4tigkeiten im Bereich Audio Engineering und vermittelt\nvertiefte Kompetenzen in Aufnahme, Mix, angewandter Akustik sowie der Planung und dem Betrieb komplexer Audiosysteme.\n<\/span>\n<h3><a href=\"https:\/\/cesma.ch\/de\/mad-master-in-audio-design\">\n<strong>\n<span style=\"text-decoration: underline;\">Master<\/span>\n<\/strong>\n<\/a><\/h3>\n<span style=\"font-weight: 400;\">\nDer <strong>Specialized Master in Audio Design for Visuals and Games (MAD)<\/strong> ist ein einj\u00e4hriges,\nberufsbegleitendes Programm auf Englisch, das sowohl Online-Unterricht als auch Pr\u00e4senzmodule umfasst.\nEin intensiver Sommer-Workshop in der Schweiz und in Italien erm\u00f6glicht den direkten Austausch mit Expertinnen und Experten\naus der internationalen Filmindustrie. Der Master bietet eine hochqualifizierte Ausbildung im Audio Engineering mit Fokus auf\naudiovisuelle Medien, interaktive Anwendungen und Games und er\u00f6ffnet hervorragende M\u00f6glichkeiten f\u00fcr Networking und berufliche Entwicklung.\n<\/span><\/div>\n\t\t\t\t<\/div>\n\t\t\t\t\t\t\t\t<\/div>\n\t\t\t\t\t\t<\/div>\n\t\t\t\t<\/div>\n\t\t\t\t<\/div>\n\t\t\t\t\t<\/div>\n\t\t\t\t<\/div>\n\t\t<div class=\"elementor-element elementor-element-24edeca e-flex e-con-boxed e-con e-parent\" data-id=\"24edeca\" data-element_type=\"container\" data-e-type=\"container\" data-settings=\"{&quot;background_background&quot;:&quot;classic&quot;,&quot;_ha_eqh_enable&quot;:false}\">\n\t\t\t\t\t<div class=\"e-con-inner\">\n\t\t\t\t<div class=\"elementor-element elementor-element-e24ba73 elementor-widget elementor-widget-spacer\" data-id=\"e24ba73\" data-element_type=\"widget\" data-e-type=\"widget\" data-widget_type=\"spacer.default\">\n\t\t\t\t<div class=\"elementor-widget-container\">\n\t\t\t\t\t\t\t<div class=\"elementor-spacer\">\n\t\t\t<div class=\"elementor-spacer-inner\"><\/div>\n\t\t<\/div>\n\t\t\t\t\t\t<\/div>\n\t\t\t\t<\/div>\n\t\t\t\t\t<\/div>\n\t\t\t\t<\/div>\n\t\t\t\t<\/div>\n\t\t","protected":false},"excerpt":{"rendered":"<p>Studieng\u00e4nge in Tontechnik (EF) und Musikproduktion Wenn Sie eine berufliche Laufbahn in der musikproduktion oder im Sound Engineering anstreben und eine fundierte, professionell ausgerichtete Ausbildung in Tontechnik suchen, bietet Ihnen CESMA ein anspruchsvolles und strukturiertes Studienangebot. Die Programme sind darauf ausgerichtet, technische, k\u00fcnstlerische und berufliche Kompetenzen auf hohem Niveau zu entwickeln. Durch eine ausgewogene Kombination [&hellip;]<\/p>\n","protected":false},"author":4,"featured_media":0,"parent":0,"menu_order":0,"comment_status":"closed","ping_status":"closed","template":"","meta":{"footnotes":""},"class_list":["post-34984","page","type-page","status-publish","hentry"],"amp_enabled":true,"_links":{"self":[{"href":"https:\/\/cesma.ch\/de\/wp-json\/wp\/v2\/pages\/34984","targetHints":{"allow":["GET"]}}],"collection":[{"href":"https:\/\/cesma.ch\/de\/wp-json\/wp\/v2\/pages"}],"about":[{"href":"https:\/\/cesma.ch\/de\/wp-json\/wp\/v2\/types\/page"}],"author":[{"embeddable":true,"href":"https:\/\/cesma.ch\/de\/wp-json\/wp\/v2\/users\/4"}],"replies":[{"embeddable":true,"href":"https:\/\/cesma.ch\/de\/wp-json\/wp\/v2\/comments?post=34984"}],"version-history":[{"count":21,"href":"https:\/\/cesma.ch\/de\/wp-json\/wp\/v2\/pages\/34984\/revisions"}],"predecessor-version":[{"id":36201,"href":"https:\/\/cesma.ch\/de\/wp-json\/wp\/v2\/pages\/34984\/revisions\/36201"}],"wp:attachment":[{"href":"https:\/\/cesma.ch\/de\/wp-json\/wp\/v2\/media?parent=34984"}],"curies":[{"name":"wp","href":"https:\/\/api.w.org\/{rel}","templated":true}]}}