{"id":34716,"date":"2023-02-08T14:41:16","date_gmt":"2023-02-08T13:41:16","guid":{"rendered":"https:\/\/cesma.ch\/blog\/"},"modified":"2025-10-15T16:57:01","modified_gmt":"2025-10-15T14:57:01","slug":"blog","status":"publish","type":"page","link":"https:\/\/cesma.ch\/de\/blog\/","title":{"rendered":"BLOG"},"content":{"rendered":"\t\t<div data-elementor-type=\"wp-page\" data-elementor-id=\"34716\" class=\"elementor elementor-34716 elementor-29491\" data-elementor-settings=\"{&quot;ha_cmc_init_switcher&quot;:&quot;no&quot;}\" data-elementor-post-type=\"page\">\n\t\t\t\t<div class=\"elementor-element elementor-element-1aaff2a e-flex e-con-boxed e-con e-parent\" data-id=\"1aaff2a\" data-element_type=\"container\" data-e-type=\"container\" data-settings=\"{&quot;background_background&quot;:&quot;classic&quot;,&quot;_ha_eqh_enable&quot;:false}\">\n\t\t\t\t\t<div class=\"e-con-inner\">\n\t\t\t\t<div class=\"elementor-element elementor-element-60e38f5 elementor-widget elementor-widget-heading\" data-id=\"60e38f5\" data-element_type=\"widget\" data-e-type=\"widget\" data-widget_type=\"heading.default\">\n\t\t\t\t<div class=\"elementor-widget-container\">\n\t\t\t\t\t<h1 class=\"elementor-heading-title elementor-size-default\">Blog<\/h1>\t\t\t\t<\/div>\n\t\t\t\t<\/div>\n\t\t\t\t<div class=\"elementor-element elementor-element-515217a elementor-widget-divider--view-line elementor-widget elementor-widget-divider\" data-id=\"515217a\" data-element_type=\"widget\" data-e-type=\"widget\" data-widget_type=\"divider.default\">\n\t\t\t\t<div class=\"elementor-widget-container\">\n\t\t\t\t\t\t\t<div class=\"elementor-divider\">\n\t\t\t<span class=\"elementor-divider-separator\">\n\t\t\t\t\t\t<\/span>\n\t\t<\/div>\n\t\t\t\t\t\t<\/div>\n\t\t\t\t<\/div>\n\t\t\t\t\t<\/div>\n\t\t\t\t<\/div>\n\t\t<div class=\"elementor-element elementor-element-7a8cf1e e-flex e-con-boxed e-con e-parent\" data-id=\"7a8cf1e\" data-element_type=\"container\" data-e-type=\"container\" data-settings=\"{&quot;background_background&quot;:&quot;classic&quot;,&quot;_ha_eqh_enable&quot;:false}\">\n\t\t\t\t\t<div class=\"e-con-inner\">\n\t\t\t\t<div class=\"elementor-element elementor-element-449cc70 elementor-grid-3 elementor-grid-tablet-2 elementor-grid-mobile-1 elementor-posts--thumbnail-top elementor-widget elementor-widget-posts\" data-id=\"449cc70\" data-element_type=\"widget\" data-e-type=\"widget\" data-settings=\"{&quot;classic_columns&quot;:&quot;3&quot;,&quot;classic_columns_tablet&quot;:&quot;2&quot;,&quot;classic_columns_mobile&quot;:&quot;1&quot;,&quot;classic_row_gap&quot;:{&quot;unit&quot;:&quot;px&quot;,&quot;size&quot;:35,&quot;sizes&quot;:[]},&quot;classic_row_gap_tablet&quot;:{&quot;unit&quot;:&quot;px&quot;,&quot;size&quot;:&quot;&quot;,&quot;sizes&quot;:[]},&quot;classic_row_gap_mobile&quot;:{&quot;unit&quot;:&quot;px&quot;,&quot;size&quot;:&quot;&quot;,&quot;sizes&quot;:[]}}\" data-widget_type=\"posts.classic\">\n\t\t\t\t<div class=\"elementor-widget-container\">\n\t\t\t\t\t\t\t<div class=\"elementor-posts-container elementor-posts elementor-posts--skin-classic elementor-grid\" role=\"list\">\n\t\t\t\t<article class=\"elementor-post elementor-grid-item post-34742 post type-post status-publish format-standard has-post-thumbnail hentry category-nicht-kategorisiert tag-tatigkeitsbereiche-eines-audio-video-ingenieurs-kino\" role=\"listitem\">\n\t\t\t\t<a class=\"elementor-post__thumbnail__link\" href=\"https:\/\/cesma.ch\/de\/di-box-der-kleine-verborgene-held-hinter-jeder-grossen-performance\/\" tabindex=\"-1\" >\n\t\t\t<div class=\"elementor-post__thumbnail\"><img fetchpriority=\"high\" decoding=\"async\" width=\"200\" height=\"300\" src=\"https:\/\/cesma.ch\/wp-content\/uploads\/2025\/08\/Immagine4-200x300.png\" class=\"attachment-medium size-medium wp-image-34743\" alt=\"\" srcset=\"https:\/\/cesma.ch\/wp-content\/uploads\/2025\/08\/Immagine4-200x300.png 200w, https:\/\/cesma.ch\/wp-content\/uploads\/2025\/08\/Immagine4.png 576w\" sizes=\"(max-width: 200px) 100vw, 200px\" \/><\/div>\n\t\t<\/a>\n\t\t\t\t<div class=\"elementor-post__text\">\n\t\t\t\t<h3 class=\"elementor-post__title\">\n\t\t\t<a href=\"https:\/\/cesma.ch\/de\/di-box-der-kleine-verborgene-held-hinter-jeder-grossen-performance\/\" >\n\t\t\t\tDI-Box: Der kleine verborgene Held hinter jeder gro\u00dfen Performance\t\t\t<\/a>\n\t\t<\/h3>\n\t\t\t\t<div class=\"elementor-post__meta-data\">\n\t\t\t\t\t<span class=\"elementor-post-date\">\n\t\t\t8. August 2025\t\t<\/span>\n\t\t\t\t<\/div>\n\t\t\t\t<div class=\"elementor-post__excerpt\">\n\t\t\t<p>Entdecken Sie, was eine DI-Box ist, wozu sie dient, wie sie funktioniert und warum sie f\u00fcr Gitarren, Synthesizer, Live-Sets und professionelle Produktionen unverzichtbar ist. Einfache Erkl\u00e4rung mit praktischen Beispielen. <\/p>\n\t\t<\/div>\n\t\t\n\t\t<a class=\"elementor-post__read-more\" href=\"https:\/\/cesma.ch\/de\/di-box-der-kleine-verborgene-held-hinter-jeder-grossen-performance\/\" aria-label=\"Mehr \u00fcber DI-Box: Der kleine verborgene Held hinter jeder gro\u00dfen Performance\" tabindex=\"-1\" >\n\t\t\tWeiterlesen \u00bb\t\t<\/a>\n\n\t\t\t\t<\/div>\n\t\t\t\t<\/article>\n\t\t\t\t<article class=\"elementor-post elementor-grid-item post-34682 post type-post status-publish format-standard has-post-thumbnail hentry category-nicht-kategorisiert tag-tatigkeitsbereiche-eines-audio-video-ingenieurs-kino\" role=\"listitem\">\n\t\t\t\t<a class=\"elementor-post__thumbnail__link\" href=\"https:\/\/cesma.ch\/de\/ein-immersives-av-erlebnis\/\" tabindex=\"-1\" >\n\t\t\t<div class=\"elementor-post__thumbnail\"><img decoding=\"async\" width=\"300\" height=\"300\" src=\"https:\/\/cesma.ch\/wp-content\/uploads\/2025\/06\/image20250613-300x300.png\" class=\"attachment-medium size-medium wp-image-34687\" alt=\"\" srcset=\"https:\/\/cesma.ch\/wp-content\/uploads\/2025\/06\/image20250613-300x300.png 300w, https:\/\/cesma.ch\/wp-content\/uploads\/2025\/06\/image20250613-150x150.png 150w, https:\/\/cesma.ch\/wp-content\/uploads\/2025\/06\/image20250613-768x768.png 768w, https:\/\/cesma.ch\/wp-content\/uploads\/2025\/06\/image20250613.png 1024w\" sizes=\"(max-width: 300px) 100vw, 300px\" \/><\/div>\n\t\t<\/a>\n\t\t\t\t<div class=\"elementor-post__text\">\n\t\t\t\t<h3 class=\"elementor-post__title\">\n\t\t\t<a href=\"https:\/\/cesma.ch\/de\/ein-immersives-av-erlebnis\/\" >\n\t\t\t\tEin immersives AV-Erlebnis\t\t\t<\/a>\n\t\t<\/h3>\n\t\t\t\t<div class=\"elementor-post__meta-data\">\n\t\t\t\t\t<span class=\"elementor-post-date\">\n\t\t\t6. Juni 2025\t\t<\/span>\n\t\t\t\t<\/div>\n\t\t\t\t<div class=\"elementor-post__excerpt\">\n\t\t\t<p>CESMA hat Virtual Reality mit 360\u00b0-Aufnahmen und Ambisonics-Audio experimentiert und so einen immersiven Rundgang durch den Hauptsitz geschaffen. Diese Technologie erm\u00f6glicht die Rekonstruktion dreidimensionaler Klangumgebungen und wird auch in professionellen Produktionen eingesetzt. Die Studierenden testen sie direkt, um sich auf die Arbeitswelt vorzubereiten.  <\/p>\n\t\t<\/div>\n\t\t\n\t\t<a class=\"elementor-post__read-more\" href=\"https:\/\/cesma.ch\/de\/ein-immersives-av-erlebnis\/\" aria-label=\"Mehr \u00fcber Ein immersives AV-Erlebnis\" tabindex=\"-1\" >\n\t\t\tWeiterlesen \u00bb\t\t<\/a>\n\n\t\t\t\t<\/div>\n\t\t\t\t<\/article>\n\t\t\t\t<article class=\"elementor-post elementor-grid-item post-34724 post type-post status-publish format-standard has-post-thumbnail hentry category-nicht-kategorisiert tag-tatigkeitsbereiche-eines-audio-video-ingenieurs-kino\" role=\"listitem\">\n\t\t\t\t<a class=\"elementor-post__thumbnail__link\" href=\"https:\/\/cesma.ch\/de\/wie-sie-die-akustik-ihres-studios-optimieren-eine-einfuehrung\/\" tabindex=\"-1\" >\n\t\t\t<div class=\"elementor-post__thumbnail\"><img decoding=\"async\" width=\"300\" height=\"224\" src=\"https:\/\/cesma.ch\/wp-content\/uploads\/2025\/04\/Copia-di-Video-Pasqua-HME-_1_-e1745933920916-300x224.webp\" class=\"attachment-medium size-medium wp-image-34726\" alt=\"Vergleich zwischen einem Raum ohne akustische Behandlung und einem f\u00fcr Audioproduktion optimierten Raum\" srcset=\"https:\/\/cesma.ch\/wp-content\/uploads\/2025\/04\/Copia-di-Video-Pasqua-HME-_1_-e1745933920916-300x224.webp 300w, https:\/\/cesma.ch\/wp-content\/uploads\/2025\/04\/Copia-di-Video-Pasqua-HME-_1_-e1745933920916-1024x764.webp 1024w, https:\/\/cesma.ch\/wp-content\/uploads\/2025\/04\/Copia-di-Video-Pasqua-HME-_1_-e1745933920916-768x573.webp 768w, https:\/\/cesma.ch\/wp-content\/uploads\/2025\/04\/Copia-di-Video-Pasqua-HME-_1_-e1745933920916-1536x1146.webp 1536w, https:\/\/cesma.ch\/wp-content\/uploads\/2025\/04\/Copia-di-Video-Pasqua-HME-_1_-e1745933920916.webp 1920w\" sizes=\"(max-width: 300px) 100vw, 300px\" \/><\/div>\n\t\t<\/a>\n\t\t\t\t<div class=\"elementor-post__text\">\n\t\t\t\t<h3 class=\"elementor-post__title\">\n\t\t\t<a href=\"https:\/\/cesma.ch\/de\/wie-sie-die-akustik-ihres-studios-optimieren-eine-einfuehrung\/\" >\n\t\t\t\tWie Sie die Akustik Ihres Studios optimieren: Eine Einf\u00fchrung\t\t\t<\/a>\n\t\t<\/h3>\n\t\t\t\t<div class=\"elementor-post__meta-data\">\n\t\t\t\t\t<span class=\"elementor-post-date\">\n\t\t\t30. April 2025\t\t<\/span>\n\t\t\t\t<\/div>\n\t\t\t\t<div class=\"elementor-post__excerpt\">\n\t\t\t<p>Die Optimierung der Akustik Ihres Studios erfordert keine gro\u00dfen Ausgaben: Auch mit kleinen Anpassungen k\u00f6nnen Sie das H\u00f6rerlebnis deutlich verbessern. <\/p>\n<p>Von der Kontrolle der Reflexionen und B\u00e4sse bis zur korrekten Positionierung der Lautsprecher bietet dieser Leitfaden praktische Ratschl\u00e4ge f\u00fcr pr\u00e4zisere Mischungen in jeder Umgebung.<\/p>\n\t\t<\/div>\n\t\t\n\t\t<a class=\"elementor-post__read-more\" href=\"https:\/\/cesma.ch\/de\/wie-sie-die-akustik-ihres-studios-optimieren-eine-einfuehrung\/\" aria-label=\"Mehr \u00fcber Wie Sie die Akustik Ihres Studios optimieren: Eine Einf\u00fchrung\" tabindex=\"-1\" >\n\t\t\tWeiterlesen \u00bb\t\t<\/a>\n\n\t\t\t\t<\/div>\n\t\t\t\t<\/article>\n\t\t\t\t<article class=\"elementor-post elementor-grid-item post-34704 post type-post status-publish format-standard has-post-thumbnail hentry category-nicht-kategorisiert tag-tatigkeitsbereiche-eines-audio-video-ingenieurs-kino\" role=\"listitem\">\n\t\t\t\t<a class=\"elementor-post__thumbnail__link\" href=\"https:\/\/cesma.ch\/de\/was-ist-die-beste-software-fuer-audiomixing\/\" tabindex=\"-1\" >\n\t\t\t<div class=\"elementor-post__thumbnail\"><img loading=\"lazy\" decoding=\"async\" width=\"300\" height=\"167\" src=\"https:\/\/cesma.ch\/wp-content\/uploads\/2025\/03\/software_mixer_digitale-300x167.webp\" class=\"attachment-medium size-medium wp-image-34706\" alt=\"Software f\u00fcr Audiomixing in einem professionellen Heimstudio.\" srcset=\"https:\/\/cesma.ch\/wp-content\/uploads\/2025\/03\/software_mixer_digitale-300x167.webp 300w, https:\/\/cesma.ch\/wp-content\/uploads\/2025\/03\/software_mixer_digitale-1024x569.webp 1024w, https:\/\/cesma.ch\/wp-content\/uploads\/2025\/03\/software_mixer_digitale-768x427.webp 768w, https:\/\/cesma.ch\/wp-content\/uploads\/2025\/03\/software_mixer_digitale.webp 1536w\" sizes=\"(max-width: 300px) 100vw, 300px\" \/><\/div>\n\t\t<\/a>\n\t\t\t\t<div class=\"elementor-post__text\">\n\t\t\t\t<h3 class=\"elementor-post__title\">\n\t\t\t<a href=\"https:\/\/cesma.ch\/de\/was-ist-die-beste-software-fuer-audiomixing\/\" >\n\t\t\t\tWas ist die beste Software f\u00fcr Audiomixing?\t\t\t<\/a>\n\t\t<\/h3>\n\t\t\t\t<div class=\"elementor-post__meta-data\">\n\t\t\t\t\t<span class=\"elementor-post-date\">\n\t\t\t27. M\u00e4rz 2025\t\t<\/span>\n\t\t\t\t<\/div>\n\t\t\t\t<div class=\"elementor-post__excerpt\">\n\t\t\t<p>In diesem Artikel analysieren wir die beste Software f\u00fcr Audiomixing, bewerten deren Funktionen, Vorteile und Nachteile, um Ihnen bei der Auswahl der f\u00fcr Ihre Bed\u00fcrfnisse am besten geeigneten Software zu helfen. Zu den Hauptakteuren geh\u00f6ren Avid Pro Tools, Steinberg Cubase, Ableton Live, FL Studio und Logic Pro X. Lesen Sie den vollst\u00e4ndigen Artikel, um herauszufinden, welche Software f\u00fcr Sie die richtige ist! <\/p>\n\t\t<\/div>\n\t\t\n\t\t<a class=\"elementor-post__read-more\" href=\"https:\/\/cesma.ch\/de\/was-ist-die-beste-software-fuer-audiomixing\/\" aria-label=\"Mehr \u00fcber Was ist die beste Software f\u00fcr Audiomixing?\" tabindex=\"-1\" >\n\t\t\tWeiterlesen \u00bb\t\t<\/a>\n\n\t\t\t\t<\/div>\n\t\t\t\t<\/article>\n\t\t\t\t<article class=\"elementor-post elementor-grid-item post-34732 post type-post status-publish format-standard has-post-thumbnail hentry category-nicht-kategorisiert tag-tatigkeitsbereiche-eines-audio-video-ingenieurs-kino\" role=\"listitem\">\n\t\t\t\t<a class=\"elementor-post__thumbnail__link\" href=\"https:\/\/cesma.ch\/de\/zertifizierungen-fuer-ton-und-audiovisuelle-fachleute-in-der-schweiz-der-vollstaendige-leitfaden\/\" tabindex=\"-1\" >\n\t\t\t<div class=\"elementor-post__thumbnail\"><img loading=\"lazy\" decoding=\"async\" width=\"300\" height=\"169\" src=\"https:\/\/cesma.ch\/wp-content\/uploads\/2025\/02\/Un-Aula-attrezzata-per-la-formazione-audiovideo-con-studenti-e-docenti-al-lavoro-_1__1-300x169.webp\" class=\"attachment-medium size-medium wp-image-34737\" alt=\"Studierende, die die EF-Zertifizierung bei CESMA erhalten haben, bereit f\u00fcr die Arbeitswelt.\" srcset=\"https:\/\/cesma.ch\/wp-content\/uploads\/2025\/02\/Un-Aula-attrezzata-per-la-formazione-audiovideo-con-studenti-e-docenti-al-lavoro-_1__1-300x169.webp 300w, https:\/\/cesma.ch\/wp-content\/uploads\/2025\/02\/Un-Aula-attrezzata-per-la-formazione-audiovideo-con-studenti-e-docenti-al-lavoro-_1__1-1024x576.webp 1024w, https:\/\/cesma.ch\/wp-content\/uploads\/2025\/02\/Un-Aula-attrezzata-per-la-formazione-audiovideo-con-studenti-e-docenti-al-lavoro-_1__1-768x432.webp 768w, https:\/\/cesma.ch\/wp-content\/uploads\/2025\/02\/Un-Aula-attrezzata-per-la-formazione-audiovideo-con-studenti-e-docenti-al-lavoro-_1__1-1536x864.webp 1536w, https:\/\/cesma.ch\/wp-content\/uploads\/2025\/02\/Un-Aula-attrezzata-per-la-formazione-audiovideo-con-studenti-e-docenti-al-lavoro-_1__1.webp 1920w\" sizes=\"(max-width: 300px) 100vw, 300px\" \/><\/div>\n\t\t<\/a>\n\t\t\t\t<div class=\"elementor-post__text\">\n\t\t\t\t<h3 class=\"elementor-post__title\">\n\t\t\t<a href=\"https:\/\/cesma.ch\/de\/zertifizierungen-fuer-ton-und-audiovisuelle-fachleute-in-der-schweiz-der-vollstaendige-leitfaden\/\" >\n\t\t\t\tZertifizierungen f\u00fcr Ton- und Audiovisuelle Fachleute in der Schweiz: Der vollst\u00e4ndige Leitfaden\t\t\t<\/a>\n\t\t<\/h3>\n\t\t\t\t<div class=\"elementor-post__meta-data\">\n\t\t\t\t\t<span class=\"elementor-post-date\">\n\t\t\t21. Februar 2025\t\t<\/span>\n\t\t\t\t<\/div>\n\t\t\t\t<div class=\"elementor-post__excerpt\">\n\t\t\t<p>M\u00f6chten Sie in der Audio- und Videowelt arbeiten?<br \/>\nIn der Schweiz kann eine anerkannte Zertifizierung den Unterschied machen! Der Eidgen\u00f6ssische Fachausweis (EF) belegt Ihre Kompetenzen und er\u00f6ffnet Ihnen neue berufliche M\u00f6glichkeiten. Erfahren Sie alles im vollst\u00e4ndigen Artikel!  <\/p>\n\t\t<\/div>\n\t\t\n\t\t<a class=\"elementor-post__read-more\" href=\"https:\/\/cesma.ch\/de\/zertifizierungen-fuer-ton-und-audiovisuelle-fachleute-in-der-schweiz-der-vollstaendige-leitfaden\/\" aria-label=\"Mehr \u00fcber Zertifizierungen f\u00fcr Ton- und Audiovisuelle Fachleute in der Schweiz: Der vollst\u00e4ndige Leitfaden\" tabindex=\"-1\" >\n\t\t\tWeiterlesen \u00bb\t\t<\/a>\n\n\t\t\t\t<\/div>\n\t\t\t\t<\/article>\n\t\t\t\t<article class=\"elementor-post elementor-grid-item post-34698 post type-post status-publish format-standard has-post-thumbnail hentry category-nicht-kategorisiert tag-tatigkeitsbereiche-eines-audio-video-ingenieurs-kino\" role=\"listitem\">\n\t\t\t\t<a class=\"elementor-post__thumbnail__link\" href=\"https:\/\/cesma.ch\/de\/werden-sie-ein-ton-und-video-experte-der-umfassende-leitfaden-fuer-den-start-ihrer-karriere-im-audio-video-bereich\/\" tabindex=\"-1\" >\n\t\t\t<div class=\"elementor-post__thumbnail\"><img loading=\"lazy\" decoding=\"async\" width=\"300\" height=\"187\" src=\"https:\/\/cesma.ch\/wp-content\/uploads\/2025\/01\/3-300x187.webp\" class=\"attachment-medium size-medium wp-image-34700\" alt=\"Arbeitsbereiche eines Audio-Video-Ingenieurs: Kino, Musik, Videospiele\" srcset=\"https:\/\/cesma.ch\/wp-content\/uploads\/2025\/01\/3-300x187.webp 300w, https:\/\/cesma.ch\/wp-content\/uploads\/2025\/01\/3-1024x639.webp 1024w, https:\/\/cesma.ch\/wp-content\/uploads\/2025\/01\/3-768x479.webp 768w, https:\/\/cesma.ch\/wp-content\/uploads\/2025\/01\/3-1536x959.webp 1536w, https:\/\/cesma.ch\/wp-content\/uploads\/2025\/01\/3.webp 1730w\" sizes=\"(max-width: 300px) 100vw, 300px\" \/><\/div>\n\t\t<\/a>\n\t\t\t\t<div class=\"elementor-post__text\">\n\t\t\t\t<h3 class=\"elementor-post__title\">\n\t\t\t<a href=\"https:\/\/cesma.ch\/de\/werden-sie-ein-ton-und-video-experte-der-umfassende-leitfaden-fuer-den-start-ihrer-karriere-im-audio-video-bereich\/\" >\n\t\t\t\tWerden Sie ein Ton- und Video-Experte: Der umfassende Leitfaden f\u00fcr den Start Ihrer Karriere im Audio-Video-Bereich.\t\t\t<\/a>\n\t\t<\/h3>\n\t\t\t\t<div class=\"elementor-post__meta-data\">\n\t\t\t\t\t<span class=\"elementor-post-date\">\n\t\t\t23. Januar 2025\t\t<\/span>\n\t\t\t\t<\/div>\n\t\t\t\t<div class=\"elementor-post__excerpt\">\n\t\t\t<p>Entdecken Sie, was es bedeutet, als Audio-Video-Ingenieur zu arbeiten, von Aufnahme- und Mischtechniken bis hin zu praktischen Herausforderungen wie dem Einsatz digitaler Kabel. Lesen Sie, wie CESMA die Fachkr\u00e4fte der Zukunft mit praktischen Erfahrungen und gezielten Kursen in Audio und Videoproduktion ausbildet. <\/p>\n\t\t<\/div>\n\t\t\n\t\t<a class=\"elementor-post__read-more\" href=\"https:\/\/cesma.ch\/de\/werden-sie-ein-ton-und-video-experte-der-umfassende-leitfaden-fuer-den-start-ihrer-karriere-im-audio-video-bereich\/\" aria-label=\"Mehr \u00fcber Werden Sie ein Ton- und Video-Experte: Der umfassende Leitfaden f\u00fcr den Start Ihrer Karriere im Audio-Video-Bereich.\" tabindex=\"-1\" >\n\t\t\tWeiterlesen \u00bb\t\t<\/a>\n\n\t\t\t\t<\/div>\n\t\t\t\t<\/article>\n\t\t\t\t<\/div>\n\t\t\n\t\t\t\t\t\t<\/div>\n\t\t\t\t<\/div>\n\t\t\t\t\t<\/div>\n\t\t\t\t<\/div>\n\t\t\t\t<\/div>\n\t\t","protected":false},"excerpt":{"rendered":"<p>Blog<\/p>\n","protected":false},"author":4,"featured_media":0,"parent":0,"menu_order":0,"comment_status":"closed","ping_status":"closed","template":"","meta":{"footnotes":""},"class_list":["post-34716","page","type-page","status-publish","hentry"],"amp_enabled":true,"_links":{"self":[{"href":"https:\/\/cesma.ch\/de\/wp-json\/wp\/v2\/pages\/34716","targetHints":{"allow":["GET"]}}],"collection":[{"href":"https:\/\/cesma.ch\/de\/wp-json\/wp\/v2\/pages"}],"about":[{"href":"https:\/\/cesma.ch\/de\/wp-json\/wp\/v2\/types\/page"}],"author":[{"embeddable":true,"href":"https:\/\/cesma.ch\/de\/wp-json\/wp\/v2\/users\/4"}],"replies":[{"embeddable":true,"href":"https:\/\/cesma.ch\/de\/wp-json\/wp\/v2\/comments?post=34716"}],"version-history":[{"count":1,"href":"https:\/\/cesma.ch\/de\/wp-json\/wp\/v2\/pages\/34716\/revisions"}],"predecessor-version":[{"id":34717,"href":"https:\/\/cesma.ch\/de\/wp-json\/wp\/v2\/pages\/34716\/revisions\/34717"}],"wp:attachment":[{"href":"https:\/\/cesma.ch\/de\/wp-json\/wp\/v2\/media?parent=34716"}],"curies":[{"name":"wp","href":"https:\/\/api.w.org\/{rel}","templated":true}]}}